{"id":1318,"date":"2020-10-23T13:06:25","date_gmt":"2020-10-23T10:06:25","guid":{"rendered":"https:\/\/startertemplatecloud.com\/e02\/?post_type=product&#038;p=239"},"modified":"2023-01-19T11:19:40","modified_gmt":"2023-01-19T11:19:40","slug":"t-shirt-four-2","status":"publish","type":"product","link":"https:\/\/www.ebk.pl\/sklep\/?product=t-shirt-four-2","title":{"rendered":"T-Shirt Four"},"content":{"rendered":"<div class=\"productMainInfo hasBrand\">\n<h1 id=\"productTitle\">#E150 \/damski T-Shirt<\/h1>\n<ul>\n<li class=\"product_artnum\">Numer produktu: 016.42<\/li>\n<li class=\"manufacturer_mpn\">Kod dostawcy: TW02T<\/li>\n<\/ul>\n<\/div>\n<div class=\"artDescription\">\n<h2 class=\"headline\">Cechy:<\/h2>\n<div id=\"c_colbox_seodescription\" class=\"collapseBox\">\n<div id=\"colbox_seodescription\" class=\"collapse in\" aria-expanded=\"true\">\n<ul>\n<li>145 g\/m\u00b2<\/li>\n<li>100% bawe\u0142na, pre-shrunk oraz ring-spun<\/li>\n<li>Ash: 99% bawe\u0142na, 1% wiskoza<\/li>\n<li>Sport Grey: 85% bawe\u0142na, 15% wiskoza<\/li>\n<li>Elastyczny, w\u0105ski \u015bci\u0105gacz przy dekolcie<\/li>\n<li>Ta\u015bma na karku<\/li>\n<li>Boczne szwy<\/li>\n<li>Temperatura prania : do 40\u00b0C<\/li>\n<li>Nowoczesny kr\u00f3j.<\/li>\n<\/ul>\n<\/div>\n<\/div>\n<\/div>\n","protected":false},"excerpt":{"rendered":"<p><img decoding=\"async\" loading=\"lazy\" class=\"alignnone wp-image-1787\" src=\"https:\/\/www.ebk.pl\/sklep\/wp-content\/uploads\/2020\/10\/kolory1-300x32.png\" alt=\"\" width=\"600\" height=\"64\" srcset=\"https:\/\/www.ebk.pl\/sklep\/wp-content\/uploads\/2020\/10\/kolory1-300x32.png 300w, https:\/\/www.ebk.pl\/sklep\/wp-content\/uploads\/2020\/10\/kolory1-768x83.png 768w, https:\/\/www.ebk.pl\/sklep\/wp-content\/uploads\/2020\/10\/kolory1-700x75.png 700w, https:\/\/www.ebk.pl\/sklep\/wp-content\/uploads\/2020\/10\/kolory1.png 837w\" sizes=\"(max-width: 600px) 100vw, 600px\" \/><\/p>\n","protected":false},"featured_media":1784,"comment_status":"open","ping_status":"closed","template":"","meta":{"content-type":"","_kad_post_transparent":"default","_kad_post_title":"","_kad_post_layout":"default","_kad_post_sidebar_id":"","_kad_post_content_style":"default","_kad_post_vertical_padding":"default","_kad_post_feature":"","_kad_post_feature_position":"","_kad_post_header":false,"_kad_post_footer":false},"product_cat":[17],"product_tag":[],"_links":{"self":[{"href":"https:\/\/www.ebk.pl\/sklep\/index.php?rest_route=\/wp\/v2\/product\/1318"}],"collection":[{"href":"https:\/\/www.ebk.pl\/sklep\/index.php?rest_route=\/wp\/v2\/product"}],"about":[{"href":"https:\/\/www.ebk.pl\/sklep\/index.php?rest_route=\/wp\/v2\/types\/product"}],"replies":[{"embeddable":true,"href":"https:\/\/www.ebk.pl\/sklep\/index.php?rest_route=%2Fwp%2Fv2%2Fcomments&post=1318"}],"version-history":[{"count":2,"href":"https:\/\/www.ebk.pl\/sklep\/index.php?rest_route=\/wp\/v2\/product\/1318\/revisions"}],"predecessor-version":[{"id":1788,"href":"https:\/\/www.ebk.pl\/sklep\/index.php?rest_route=\/wp\/v2\/product\/1318\/revisions\/1788"}],"wp:featuredmedia":[{"embeddable":true,"href":"https:\/\/www.ebk.pl\/sklep\/index.php?rest_route=\/wp\/v2\/media\/1784"}],"wp:attachment":[{"href":"https:\/\/www.ebk.pl\/sklep\/index.php?rest_route=%2Fwp%2Fv2%2Fmedia&parent=1318"}],"wp:term":[{"taxonomy":"product_cat","embeddable":true,"href":"https:\/\/www.ebk.pl\/sklep\/index.php?rest_route=%2Fwp%2Fv2%2Fproduct_cat&post=1318"},{"taxonomy":"product_tag","embeddable":true,"href":"https:\/\/www.ebk.pl\/sklep\/index.php?rest_route=%2Fwp%2Fv2%2Fproduct_tag&post=1318"}],"curies":[{"name":"wp","href":"https:\/\/api.w.org\/{rel}","templated":true}]}}