{"id":1665,"date":"2023-01-09T14:11:41","date_gmt":"2023-01-09T14:11:41","guid":{"rendered":"https:\/\/www.ebk.pl\/sklep\/?post_type=product&#038;p=1665"},"modified":"2023-01-19T16:11:09","modified_gmt":"2023-01-19T16:11:09","slug":"bluza-na-zamek-z-kapturem-king","status":"publish","type":"product","link":"https:\/\/www.ebk.pl\/sklep\/?product=bluza-na-zamek-z-kapturem-king","title":{"rendered":"Bluza na zamek z kapturem KING"},"content":{"rendered":"\t\t<div data-elementor-type=\"product-post\" data-elementor-id=\"1665\" class=\"elementor elementor-1665\">\n\t\t\t\t\t\t\t\t\t<section class=\"elementor-section elementor-top-section elementor-element elementor-element-56a7e191 elementor-section-boxed elementor-section-height-default elementor-section-height-default\" data-id=\"56a7e191\" data-element_type=\"section\">\n\t\t\t\t\t\t<div class=\"elementor-container elementor-column-gap-default\">\n\t\t\t\t\t<div class=\"elementor-column elementor-col-100 elementor-top-column elementor-element elementor-element-6be58005\" data-id=\"6be58005\" data-element_type=\"column\">\n\t\t\t<div class=\"elementor-widget-wrap elementor-element-populated\">\n\t\t\t\t\t\t\t\t<div class=\"elementor-element elementor-element-479cc28 elementor-widget elementor-widget-text-editor\" data-id=\"479cc28\" data-element_type=\"widget\" data-widget_type=\"text-editor.default\">\n\t\t\t\t<div class=\"elementor-widget-container\">\n\t\t\t<style>\/*! elementor - v3.12.0 - 29-03-2023 *\/\n.elementor-widget-text-editor.elementor-drop-cap-view-stacked .elementor-drop-cap{background-color:#69727d;color:#fff}.elementor-widget-text-editor.elementor-drop-cap-view-framed .elementor-drop-cap{color:#69727d;border:3px solid;background-color:transparent}.elementor-widget-text-editor:not(.elementor-drop-cap-view-default) .elementor-drop-cap{margin-top:8px}.elementor-widget-text-editor:not(.elementor-drop-cap-view-default) .elementor-drop-cap-letter{width:1em;height:1em}.elementor-widget-text-editor .elementor-drop-cap{float:left;text-align:center;line-height:1;font-size:50px}.elementor-widget-text-editor .elementor-drop-cap-letter{display:inline-block}<\/style>\t\t\t\t<p><img decoding=\"async\" loading=\"lazy\" class=\"alignnone size-full wp-image-1874\" src=\"https:\/\/www.ebk.pl\/sklep\/wp-content\/uploads\/2023\/01\/bc_2018_cmyk.eps_preview72.jpg\" alt=\"\" width=\"220\" height=\"199\" \/>Opis:<br \/>280 g\/m\u00b2<br \/>80% Bawe\u0142na (certyfikowana Bawe\u0142na Organiczna<br \/>lub Bawe\u0142na Organiczna w konwersji), pre-shrunk, ring-spun i czesana, 20%<br \/>Poliester<br \/>Heather Grey (Szary) : 75% Bawe\u0142na (certyfikowana Bawe\u0142na<br \/>Organiczna lub Bawe\u0142na Organiczna w konwersji), 21% Poliester, 4% Wiskoza<br \/>Heather Mid Grey : 60% Bawe\u0142na (certyfikowana Bawe\u0142na Organiczna lub<br \/>Bawe\u0142na Organiczna w konwersji), 40% Poliester<br \/>Ultra mi\u0119kka tkanina<br \/>o doskona\u0142ej powierzchni nadruku<br \/>Szczotkowana w \u015brodku<br \/>Kaptur z podszewk\u0105 z g\u0142adkim wyko\u0144czeniem<br \/>P\u0142askie<br \/>sznurki z metalowymi ko\u0144c\u00f3wkami<br \/>Ta\u015bma wzmacniaj\u0105ca na karku<br \/>Wewn\u0105trz p\u00f3\u0142okr\u0105g\u0142y karczek z g\u0142adkim wyko\u0144czeniem z ty\u0142u<br \/>Kryty zamek b\u0142yskawiczny<br \/>Naszywane kieszenie<br \/>Boczne szwy<br \/>Unisex<br \/>Klasyczny kr\u00f3j<\/p>\t\t\t\t\t\t<\/div>\n\t\t\t\t<\/div>\n\t\t\t\t\t<\/div>\n\t\t<\/div>\n\t\t\t\t\t\t\t<\/div>\n\t\t<\/section>\n\t\t\t\t\t\t\t<\/div>\n\t\t","protected":false},"excerpt":{"rendered":"<p><img decoding=\"async\" loading=\"lazy\" class=\"alignnone wp-image-1713\" src=\"https:\/\/www.ebk.pl\/sklep\/wp-content\/uploads\/2023\/01\/WU03K_Blue-Bluza-236x300.png\" alt=\"Bluza\" width=\"154\" height=\"196\" srcset=\"https:\/\/www.ebk.pl\/sklep\/wp-content\/uploads\/2023\/01\/WU03K_Blue-Bluza-236x300.png 236w, https:\/\/www.ebk.pl\/sklep\/wp-content\/uploads\/2023\/01\/WU03K_Blue-Bluza.png 628w\" sizes=\"(max-width: 154px) 100vw, 154px\" \/><\/p>\n<p>Wyb\u00f3r wielu kolor\u00f3w<\/p>\n","protected":false},"featured_media":1714,"comment_status":"open","ping_status":"closed","template":"","meta":{"content-type":"","_kad_post_transparent":"default","_kad_post_title":"","_kad_post_layout":"default","_kad_post_sidebar_id":"","_kad_post_content_style":"default","_kad_post_vertical_padding":"default","_kad_post_feature":"","_kad_post_feature_position":"","_kad_post_header":false,"_kad_post_footer":false},"product_cat":[45],"product_tag":[],"_links":{"self":[{"href":"https:\/\/www.ebk.pl\/sklep\/index.php?rest_route=\/wp\/v2\/product\/1665"}],"collection":[{"href":"https:\/\/www.ebk.pl\/sklep\/index.php?rest_route=\/wp\/v2\/product"}],"about":[{"href":"https:\/\/www.ebk.pl\/sklep\/index.php?rest_route=\/wp\/v2\/types\/product"}],"replies":[{"embeddable":true,"href":"https:\/\/www.ebk.pl\/sklep\/index.php?rest_route=%2Fwp%2Fv2%2Fcomments&post=1665"}],"version-history":[{"count":7,"href":"https:\/\/www.ebk.pl\/sklep\/index.php?rest_route=\/wp\/v2\/product\/1665\/revisions"}],"predecessor-version":[{"id":1877,"href":"https:\/\/www.ebk.pl\/sklep\/index.php?rest_route=\/wp\/v2\/product\/1665\/revisions\/1877"}],"wp:featuredmedia":[{"embeddable":true,"href":"https:\/\/www.ebk.pl\/sklep\/index.php?rest_route=\/wp\/v2\/media\/1714"}],"wp:attachment":[{"href":"https:\/\/www.ebk.pl\/sklep\/index.php?rest_route=%2Fwp%2Fv2%2Fmedia&parent=1665"}],"wp:term":[{"taxonomy":"product_cat","embeddable":true,"href":"https:\/\/www.ebk.pl\/sklep\/index.php?rest_route=%2Fwp%2Fv2%2Fproduct_cat&post=1665"},{"taxonomy":"product_tag","embeddable":true,"href":"https:\/\/www.ebk.pl\/sklep\/index.php?rest_route=%2Fwp%2Fv2%2Fproduct_tag&post=1665"}],"curies":[{"name":"wp","href":"https:\/\/api.w.org\/{rel}","templated":true}]}}