{"id":1742,"date":"2023-01-12T13:04:41","date_gmt":"2023-01-12T13:04:41","guid":{"rendered":"https:\/\/www.ebk.pl\/sklep\/?post_type=product&#038;p=1742"},"modified":"2023-01-12T13:05:53","modified_gmt":"2023-01-12T13:05:53","slug":"bluza-na-zamek-z-kapturem-king-kopia","status":"publish","type":"product","link":"https:\/\/www.ebk.pl\/sklep\/?product=bluza-na-zamek-z-kapturem-king-kopia","title":{"rendered":"Bluza na zamek z kapturem KING (Kopia)"},"content":{"rendered":"<p>Opis:<br \/>\n280 g\/m\u00b2<br \/>\n80% Bawe\u0142na (certyfikowana Bawe\u0142na Organiczna<br \/>\nlub Bawe\u0142na Organiczna w konwersji), pre-shrunk, ring-spun i czesana, 20%<br \/>\nPoliester<br \/>\nHeather Grey (Szary) : 75% Bawe\u0142na (certyfikowana Bawe\u0142na<br \/>\nOrganiczna lub Bawe\u0142na Organiczna w konwersji), 21% Poliester, 4% Wiskoza<br \/>\nHeather Mid Grey : 60% Bawe\u0142na (certyfikowana Bawe\u0142na Organiczna lub<br \/>\nBawe\u0142na Organiczna w konwersji), 40% Poliester<br \/>\nUltra mi\u0119kka tkanina<br \/>\no doskona\u0142ej powierzchni nadruku<br \/>\nSzczotkowana w \u015brodku<br \/>\nKaptur z podszewk\u0105 z g\u0142adkim wyko\u0144czeniem<br \/>\nP\u0142askie<br \/>\nsznurki z metalowymi ko\u0144c\u00f3wkami<br \/>\nTa\u015bma wzmacniaj\u0105ca na karku<br \/>\nWewn\u0105trz p\u00f3\u0142okr\u0105g\u0142y karczek z g\u0142adkim wyko\u0144czeniem z ty\u0142u<br \/>\nKryty zamek b\u0142yskawiczny<br \/>\nNaszywane kieszenie<br \/>\nBoczne szwy<br \/>\nUnisex<br \/>\nKlasyczny kr\u00f3j<\/p>\n","protected":false},"excerpt":{"rendered":"<p>&nbsp;<\/p>\n<p>Wyb\u00f3r wielu kolor\u00f3w<\/p>\n","protected":false},"featured_media":1743,"comment_status":"open","ping_status":"closed","template":"","meta":{"content-type":"","_kad_post_transparent":"default","_kad_post_title":"","_kad_post_layout":"default","_kad_post_sidebar_id":"","_kad_post_content_style":"default","_kad_post_vertical_padding":"default","_kad_post_feature":"","_kad_post_feature_position":"","_kad_post_header":false,"_kad_post_footer":false},"product_cat":[45],"product_tag":[],"_links":{"self":[{"href":"https:\/\/www.ebk.pl\/sklep\/index.php?rest_route=\/wp\/v2\/product\/1742"}],"collection":[{"href":"https:\/\/www.ebk.pl\/sklep\/index.php?rest_route=\/wp\/v2\/product"}],"about":[{"href":"https:\/\/www.ebk.pl\/sklep\/index.php?rest_route=\/wp\/v2\/types\/product"}],"replies":[{"embeddable":true,"href":"https:\/\/www.ebk.pl\/sklep\/index.php?rest_route=%2Fwp%2Fv2%2Fcomments&post=1742"}],"version-history":[{"count":1,"href":"https:\/\/www.ebk.pl\/sklep\/index.php?rest_route=\/wp\/v2\/product\/1742\/revisions"}],"predecessor-version":[{"id":1744,"href":"https:\/\/www.ebk.pl\/sklep\/index.php?rest_route=\/wp\/v2\/product\/1742\/revisions\/1744"}],"wp:featuredmedia":[{"embeddable":true,"href":"https:\/\/www.ebk.pl\/sklep\/index.php?rest_route=\/wp\/v2\/media\/1743"}],"wp:attachment":[{"href":"https:\/\/www.ebk.pl\/sklep\/index.php?rest_route=%2Fwp%2Fv2%2Fmedia&parent=1742"}],"wp:term":[{"taxonomy":"product_cat","embeddable":true,"href":"https:\/\/www.ebk.pl\/sklep\/index.php?rest_route=%2Fwp%2Fv2%2Fproduct_cat&post=1742"},{"taxonomy":"product_tag","embeddable":true,"href":"https:\/\/www.ebk.pl\/sklep\/index.php?rest_route=%2Fwp%2Fv2%2Fproduct_tag&post=1742"}],"curies":[{"name":"wp","href":"https:\/\/api.w.org\/{rel}","templated":true}]}}