{"id":1838,"date":"2023-01-19T12:32:07","date_gmt":"2023-01-19T12:32:07","guid":{"rendered":"https:\/\/www.ebk.pl\/sklep\/?post_type=product&#038;p=1838"},"modified":"2023-01-20T17:11:11","modified_gmt":"2023-01-20T17:11:11","slug":"czapka-z-daszkiem-impact-aware","status":"publish","type":"product","link":"https:\/\/www.ebk.pl\/sklep\/?product=czapka-z-daszkiem-impact-aware","title":{"rendered":"Czapka z daszkiem VANTAGE"},"content":{"rendered":"<h4 class=\"c2\">Czapka z daszkiem Vantage<\/h4>\n<div class=\"c1\">Opis:<\/div>\n<div class=\"c2\">\n<p>Czapka z daszkiem, 6 paneli, otwory wentylacyjne, metalowa klamra, wykonana z bawe\u0142ny o gramaturze 280 g\/m2 pochodz\u0105cej z recyklingu,wykorzystane w\u0142\u00f3kna bawe\u0142ny s\u0105 identyfikowalne z pochodzenia, 2% wp\u0142yw\u00f3w z ka\u017cdego sprzedanego produktu z kolekcji Impact jest przekazywane na rzecz Water.org<\/p>\n<div class=\"param_1 c1 \"><strong>Wymiary:<\/strong><\/div>\n<ul>\n<li>12 x \u00d8 18,5 cm<\/li>\n<li>Materia\u0142:<\/li>\n<li>bawe\u0142na z recyklingu 280 g\/m2<\/li>\n<li>Strona w katalogu:<\/li>\n<li>275<\/li>\n<li>Kolor:<\/li>\n<li>czarny<\/li>\n<\/ul>\n<\/div>\n","protected":false},"excerpt":{"rendered":"<div class=\"c1 bold uppercase\"><img decoding=\"async\" loading=\"lazy\" class=\"alignnone wp-image-1846\" src=\"https:\/\/www.ebk.pl\/sklep\/wp-content\/uploads\/2023\/01\/Czapki-Kolor-2-300x43.png\" alt=\"\" width=\"495\" height=\"71\" srcset=\"https:\/\/www.ebk.pl\/sklep\/wp-content\/uploads\/2023\/01\/Czapki-Kolor-2-300x43.png 300w, https:\/\/www.ebk.pl\/sklep\/wp-content\/uploads\/2023\/01\/Czapki-Kolor-2-1024x146.png 1024w, https:\/\/www.ebk.pl\/sklep\/wp-content\/uploads\/2023\/01\/Czapki-Kolor-2-768x110.png 768w, https:\/\/www.ebk.pl\/sklep\/wp-content\/uploads\/2023\/01\/Czapki-Kolor-2-1536x220.png 1536w, https:\/\/www.ebk.pl\/sklep\/wp-content\/uploads\/2023\/01\/Czapki-Kolor-2-2048x293.png 2048w, https:\/\/www.ebk.pl\/sklep\/wp-content\/uploads\/2023\/01\/Czapki-Kolor-2-700x100.png 700w\" sizes=\"(max-width: 495px) 100vw, 495px\" \/>ZNAKOWANIE:<\/div>\n<ul>\n<li class=\"c2\">item &#8211; front &#8211; left<\/li>\n<li class=\"c2\">\n<div class=\"c1\">50&#215;50 mm<\/div>\n<div class=\"c2\">TF1, DTF1<\/div>\n<\/li>\n<li class=\"c1\">item &#8211; front &#8211; right<\/li>\n<li class=\"c2\">\n<div class=\"c1\">50&#215;50 mm<\/div>\n<div class=\"c2\">TF1, DTF1<\/div>\n<\/li>\n<li class=\"c1\">item &#8211; left side<\/li>\n<li class=\"c2\">\n<div class=\"c1\">40&#215;25 mm<\/div>\n<div class=\"c2\">TF1, DTF1<\/div>\n<\/li>\n<li class=\"c1\">item &#8211; right side<\/li>\n<li class=\"c2\">\n<div class=\"c1\">40&#215;25 mm<\/div>\n<div class=\"c2\">TF1, DTF1<\/div>\n<\/li>\n<li class=\"c1\">Koszt manipulacyjny<\/li>\n<li class=\"c2\">\n<div class=\"c1\">A2<\/div>\n<\/li>\n<\/ul>\n","protected":false},"featured_media":1839,"comment_status":"open","ping_status":"closed","template":"","meta":{"content-type":"","_kad_post_transparent":"default","_kad_post_title":"","_kad_post_layout":"default","_kad_post_sidebar_id":"","_kad_post_content_style":"default","_kad_post_vertical_padding":"default","_kad_post_feature":"","_kad_post_feature_position":"","_kad_post_header":false,"_kad_post_footer":false},"product_cat":[18],"product_tag":[],"_links":{"self":[{"href":"https:\/\/www.ebk.pl\/sklep\/index.php?rest_route=\/wp\/v2\/product\/1838"}],"collection":[{"href":"https:\/\/www.ebk.pl\/sklep\/index.php?rest_route=\/wp\/v2\/product"}],"about":[{"href":"https:\/\/www.ebk.pl\/sklep\/index.php?rest_route=\/wp\/v2\/types\/product"}],"replies":[{"embeddable":true,"href":"https:\/\/www.ebk.pl\/sklep\/index.php?rest_route=%2Fwp%2Fv2%2Fcomments&post=1838"}],"version-history":[{"count":9,"href":"https:\/\/www.ebk.pl\/sklep\/index.php?rest_route=\/wp\/v2\/product\/1838\/revisions"}],"predecessor-version":[{"id":1881,"href":"https:\/\/www.ebk.pl\/sklep\/index.php?rest_route=\/wp\/v2\/product\/1838\/revisions\/1881"}],"wp:featuredmedia":[{"embeddable":true,"href":"https:\/\/www.ebk.pl\/sklep\/index.php?rest_route=\/wp\/v2\/media\/1839"}],"wp:attachment":[{"href":"https:\/\/www.ebk.pl\/sklep\/index.php?rest_route=%2Fwp%2Fv2%2Fmedia&parent=1838"}],"wp:term":[{"taxonomy":"product_cat","embeddable":true,"href":"https:\/\/www.ebk.pl\/sklep\/index.php?rest_route=%2Fwp%2Fv2%2Fproduct_cat&post=1838"},{"taxonomy":"product_tag","embeddable":true,"href":"https:\/\/www.ebk.pl\/sklep\/index.php?rest_route=%2Fwp%2Fv2%2Fproduct_tag&post=1838"}],"curies":[{"name":"wp","href":"https:\/\/api.w.org\/{rel}","templated":true}]}}