{"id":1908,"date":"2023-01-23T12:50:49","date_gmt":"2023-01-23T12:50:49","guid":{"rendered":"https:\/\/www.ebk.pl\/sklep\/?post_type=product&#038;p=1908"},"modified":"2023-02-09T11:03:56","modified_gmt":"2023-02-09T11:03:56","slug":"plecak-na-laptop-kopia","status":"publish","type":"product","link":"https:\/\/www.ebk.pl\/sklep\/?product=plecak-na-laptop-kopia","title":{"rendered":"Plecak na laptop"},"content":{"rendered":"<p><img decoding=\"async\" loading=\"lazy\" class=\"alignnone size-medium wp-image-1918 alignright\" src=\"https:\/\/www.ebk.pl\/sklep\/wp-content\/uploads\/2023\/01\/www_170703401_main18-300x225.png\" alt=\"\" width=\"300\" height=\"225\" srcset=\"https:\/\/www.ebk.pl\/sklep\/wp-content\/uploads\/2023\/01\/www_170703401_main18-300x225.png 300w, https:\/\/www.ebk.pl\/sklep\/wp-content\/uploads\/2023\/01\/www_170703401_main18-1024x768.png 1024w, https:\/\/www.ebk.pl\/sklep\/wp-content\/uploads\/2023\/01\/www_170703401_main18-768x576.png 768w, https:\/\/www.ebk.pl\/sklep\/wp-content\/uploads\/2023\/01\/www_170703401_main18-700x525.png 700w, https:\/\/www.ebk.pl\/sklep\/wp-content\/uploads\/2023\/01\/www_170703401_main18.png 1030w\" sizes=\"(max-width: 300px) 100vw, 300px\" \/> <img decoding=\"async\" loading=\"lazy\" class=\"size-medium wp-image-1917 alignright\" style=\"font-weight: bold; font-family: var(--global-body-font-family);\" src=\"https:\/\/www.ebk.pl\/sklep\/wp-content\/uploads\/2023\/01\/www_170703401_main15-300x225.jpeg\" alt=\"\" width=\"300\" height=\"225\" srcset=\"https:\/\/www.ebk.pl\/sklep\/wp-content\/uploads\/2023\/01\/www_170703401_main15-300x225.jpeg 300w, https:\/\/www.ebk.pl\/sklep\/wp-content\/uploads\/2023\/01\/www_170703401_main15-1024x768.jpeg 1024w, https:\/\/www.ebk.pl\/sklep\/wp-content\/uploads\/2023\/01\/www_170703401_main15-768x576.jpeg 768w, https:\/\/www.ebk.pl\/sklep\/wp-content\/uploads\/2023\/01\/www_170703401_main15-700x525.jpeg 700w, https:\/\/www.ebk.pl\/sklep\/wp-content\/uploads\/2023\/01\/www_170703401_main15.jpeg 1030w\" sizes=\"(max-width: 300px) 100vw, 300px\" \/><\/p>\n<ul>\n<li><span style=\"font-family: var(--global-body-font-family);\">kolor czarny<\/span><\/li>\n<li>Paski reguluj\u0105ce obj\u0119to\u015b\u0107<\/li>\n<li>Miejsce na s\u0142uchawki<\/li>\n<li>Brelok na klucze<\/li>\n<li>Uchwyt na okulary<\/li>\n<li>4 kieszenie z siatki<\/li>\n<li>3 kieszenie na d\u0142ugopisy<\/li>\n<li>3 kieszenie na dokumenty<\/li>\n<li>5 kieszeni<\/li>\n<li>Kiesze\u0144 na laptop 17&#8243;<\/li>\n<\/ul>\n","protected":false},"excerpt":{"rendered":"<ul class=\"product-main-details-list col-xs-12 col-sm-6 col-lg-4\">\n<li><span class=\"bold\">Rozmiar:<\/span>\u00a039 x 47 x 25 cm<\/li>\n<li><span class=\"bold\">Waga:<\/span>\u00a00,755 kg<\/li>\n<li><span class=\"bold\">Kod celny:<\/span>\u00a04202929190<\/li>\n<li><span class=\"bold\">Materia\u0142:<\/span>\u00a0Poliester 1680D<\/li>\n<li><span class=\"bold\">Minimalne zam\u00f3wienie:<\/span>\u00a01 szt\/kolor<\/li>\n<li><span class=\"bold\">Dostawa:<\/span>\u00a0Zam\u00f3wienia powy\u017cej 2000 PLN netto wysy\u0142amy na sw\u00f3j koszt.<\/li>\n<\/ul>\n","protected":false},"featured_media":1909,"comment_status":"open","ping_status":"closed","template":"","meta":{"content-type":"","_kad_post_transparent":"default","_kad_post_title":"","_kad_post_layout":"default","_kad_post_sidebar_id":"","_kad_post_content_style":"default","_kad_post_vertical_padding":"default","_kad_post_feature":"","_kad_post_feature_position":"","_kad_post_header":false,"_kad_post_footer":false},"product_cat":[52,51],"product_tag":[],"_links":{"self":[{"href":"https:\/\/www.ebk.pl\/sklep\/index.php?rest_route=\/wp\/v2\/product\/1908"}],"collection":[{"href":"https:\/\/www.ebk.pl\/sklep\/index.php?rest_route=\/wp\/v2\/product"}],"about":[{"href":"https:\/\/www.ebk.pl\/sklep\/index.php?rest_route=\/wp\/v2\/types\/product"}],"replies":[{"embeddable":true,"href":"https:\/\/www.ebk.pl\/sklep\/index.php?rest_route=%2Fwp%2Fv2%2Fcomments&post=1908"}],"version-history":[{"count":7,"href":"https:\/\/www.ebk.pl\/sklep\/index.php?rest_route=\/wp\/v2\/product\/1908\/revisions"}],"predecessor-version":[{"id":1923,"href":"https:\/\/www.ebk.pl\/sklep\/index.php?rest_route=\/wp\/v2\/product\/1908\/revisions\/1923"}],"wp:featuredmedia":[{"embeddable":true,"href":"https:\/\/www.ebk.pl\/sklep\/index.php?rest_route=\/wp\/v2\/media\/1909"}],"wp:attachment":[{"href":"https:\/\/www.ebk.pl\/sklep\/index.php?rest_route=%2Fwp%2Fv2%2Fmedia&parent=1908"}],"wp:term":[{"taxonomy":"product_cat","embeddable":true,"href":"https:\/\/www.ebk.pl\/sklep\/index.php?rest_route=%2Fwp%2Fv2%2Fproduct_cat&post=1908"},{"taxonomy":"product_tag","embeddable":true,"href":"https:\/\/www.ebk.pl\/sklep\/index.php?rest_route=%2Fwp%2Fv2%2Fproduct_tag&post=1908"}],"curies":[{"name":"wp","href":"https:\/\/api.w.org\/{rel}","templated":true}]}}