{"id":1925,"date":"2023-01-23T13:19:32","date_gmt":"2023-01-23T13:19:32","guid":{"rendered":"https:\/\/www.ebk.pl\/sklep\/?post_type=product&#038;p=1925"},"modified":"2023-01-23T13:19:33","modified_gmt":"2023-01-23T13:19:33","slug":"cytrynki-z-rumem","status":"publish","type":"product","link":"https:\/\/www.ebk.pl\/sklep\/?product=cytrynki-z-rumem","title":{"rendered":"Cytrynki z rumem"},"content":{"rendered":"<h5>Idealne do herbaty, lemoniady, drink\u00f3w oraz jako dodatek do potraw i deser\u00f3w<\/h5>\n<p>Cytryny z rumem. Przygotowujemy je z najlepszych, wyselekcjonowanych cytryn, rumu i cukru. Nie s\u0105 rozcie\u0144czone wod\u0105. Sk\u0142ad jest prosty i kr\u00f3tki i nie ma nawet odrobiny konserwant\u00f3w. Proces wytwarzania jest pracoch\u0142onny i d\u0142ugotrwa\u0142y co gwarantuje jedyny w swoim rodzaju smak i najwy\u017csz\u0105 jako\u015b\u0107.<\/p>\n<h6><strong>KULISY PRZYGOTOWANIA S\u0141OICZKA<\/strong><\/h6>\n<p>Przygotowujemy je z najlepszych, wyselekcjonowanych cytryn, rumu i cukru. Nie s\u0105 rozcie\u0144czone wod\u0105. Sk\u0142ad jest prosty i kr\u00f3tki i nie ma nawet odrobiny konserwant\u00f3w. Proces wytwarzania jest pracoch\u0142onny i d\u0142ugotrwa\u0142y co gwarantuje jedyny w swoim rodzaju smak i najwy\u017csz\u0105 jako\u015b\u0107 a cena jest bardzo atrakcyjna!<\/p>\n<h6><strong>DO CZEGO MO\u017bNA WYKORZYSTA\u0106 S\u0141OICZEK?<\/strong><\/h6>\n<p>Najlepiej smakuje w duecie z ciep\u0142\u0105 herbat\u0105. Latem mo\u017cna natomiast dodawa\u0107 go do lemoniady i lodowych deser\u00f3w. Opisana wy\u017cej historia jest te\u017c dowodem na to, \u017ce s\u0142oiczek \u015bwietnie sprawdza si\u0119 jako prezent.<\/p>\n","protected":false},"excerpt":{"rendered":"<h4>INFORMACJE O PRODUKCIE<br \/>\n<strong style=\"font-family: var(--global-body-font-family); font-size: 16px;\">Sk\u0142adniki:<\/strong><\/h4>\n<div class=\"row\">\n<div class=\"col-sm-9\">\n<p>cytryny 52% (spoza Polski), cukier, rum 2,4%. Zawarto\u015b\u0107 alkoholu 1,2% obj.<\/p>\n<\/div>\n<div class=\"col-sm-3\">\n<p><strong>Masa netto:<\/strong><\/p>\n<\/div>\n<div class=\"col-sm-9\">\n<p>230g<\/p>\n<\/div>\n<div class=\"col-sm-3\">\n<p><strong>Zastosowanie:<\/strong><\/p>\n<\/div>\n<div class=\"col-sm-9\">\n<p>do herbaty, lemoniady, drink\u00f3w oraz jako dodatek do potraw i deser\u00f3w<\/p>\n<\/div>\n<div class=\"col-sm-3\">\n<p><strong>Warto\u015b\u0107 od\u017cywcza w 100g produktu:<\/strong><\/p>\n<\/div>\n<div class=\"col-sm-9\">\n<p>warto\u015b\u0107 energetyczna:<\/p>\n<ul>\n<li>997kJ\/ 238kcal,<\/li>\n<li><span style=\"font-family: var(--global-body-font-family);\">t\u0142uszcz: 0g, <\/span><\/li>\n<\/ul>\n<p><span style=\"font-family: var(--global-body-font-family);\">w tym kwasy t\u0142uszczowe nasycone:\u00a0<\/span><span style=\"font-family: var(--global-body-font-family);\"> 0g, w\u0119glowodany: 57g, w tym cukry: 56g, bia\u0142ko: 0g, s\u00f3l: 0g.<\/span><\/p>\n<\/div>\n<div class=\"col-sm-3\">\n<p><strong>W\u0142a\u015bciwo\u015bci produktu: <\/strong><span style=\"font-family: var(--global-body-font-family);\">naturalnie bezglutenowy<\/span><\/p>\n<\/div>\n<div class=\"col-sm-9\">\n<p>odpowiedni dla wegan<\/p>\n<p><img decoding=\"async\" loading=\"lazy\" class=\"float-none\" src=\"https:\/\/eterno.pl\/uploads\/001-avege1.png\" alt=\"dla wegan\" width=\"70\" height=\"70\" \/><\/p>\n<\/div>\n<\/div>\n","protected":false},"featured_media":1926,"comment_status":"open","ping_status":"closed","template":"","meta":{"content-type":"","_kad_post_transparent":"default","_kad_post_title":"","_kad_post_layout":"default","_kad_post_sidebar_id":"","_kad_post_content_style":"default","_kad_post_vertical_padding":"default","_kad_post_feature":"","_kad_post_feature_position":"","_kad_post_header":false,"_kad_post_footer":false},"product_cat":[53],"product_tag":[],"_links":{"self":[{"href":"https:\/\/www.ebk.pl\/sklep\/index.php?rest_route=\/wp\/v2\/product\/1925"}],"collection":[{"href":"https:\/\/www.ebk.pl\/sklep\/index.php?rest_route=\/wp\/v2\/product"}],"about":[{"href":"https:\/\/www.ebk.pl\/sklep\/index.php?rest_route=\/wp\/v2\/types\/product"}],"replies":[{"embeddable":true,"href":"https:\/\/www.ebk.pl\/sklep\/index.php?rest_route=%2Fwp%2Fv2%2Fcomments&post=1925"}],"version-history":[{"count":2,"href":"https:\/\/www.ebk.pl\/sklep\/index.php?rest_route=\/wp\/v2\/product\/1925\/revisions"}],"predecessor-version":[{"id":1931,"href":"https:\/\/www.ebk.pl\/sklep\/index.php?rest_route=\/wp\/v2\/product\/1925\/revisions\/1931"}],"wp:featuredmedia":[{"embeddable":true,"href":"https:\/\/www.ebk.pl\/sklep\/index.php?rest_route=\/wp\/v2\/media\/1926"}],"wp:attachment":[{"href":"https:\/\/www.ebk.pl\/sklep\/index.php?rest_route=%2Fwp%2Fv2%2Fmedia&parent=1925"}],"wp:term":[{"taxonomy":"product_cat","embeddable":true,"href":"https:\/\/www.ebk.pl\/sklep\/index.php?rest_route=%2Fwp%2Fv2%2Fproduct_cat&post=1925"},{"taxonomy":"product_tag","embeddable":true,"href":"https:\/\/www.ebk.pl\/sklep\/index.php?rest_route=%2Fwp%2Fv2%2Fproduct_tag&post=1925"}],"curies":[{"name":"wp","href":"https:\/\/api.w.org\/{rel}","templated":true}]}}