{"id":2000,"date":"2023-02-06T11:24:42","date_gmt":"2023-02-06T11:24:42","guid":{"rendered":"https:\/\/www.ebk.pl\/sklep\/?post_type=product&#038;p=2000"},"modified":"2023-02-06T11:47:06","modified_gmt":"2023-02-06T11:47:06","slug":"miodowy-upominek","status":"publish","type":"product","link":"https:\/\/www.ebk.pl\/sklep\/?product=miodowy-upominek","title":{"rendered":"Miodowy upominek"},"content":{"rendered":"<ul>\n<li>Cytrynki z miodem<\/li>\n<li>Mi\u00f3d wielokwiatowy<\/li>\n<li>Syrop z malinowy z imbirem<\/li>\n<li>Nabierak do miodu<\/li>\n<\/ul>\n<h5>Sk\u0142adniki:<\/h5>\n<p>Cytrynki z miodemcytryny 52% (spoza Polski), cukier, mi\u00f3d 22%, rum. Zawarto\u015b\u0107 alkoholu 1,2% obj. Mi\u00f3d wielokwiatowy mi\u00f3d pszczeli wielokwiatowy nektarowySyrop malinowy z imbirem 200mlsok z malin 58%, cukier, mi\u00f3d 10%, sok z cytryny.<\/p>\n","protected":false},"excerpt":{"rendered":"<ol>\n<li>Cytrynki z miodem<\/li>\n<li>Mi\u00f3d wielokwiatowy<\/li>\n<li>Syrop z malinowy z imbirem<\/li>\n<li>Nabierak do miodu<\/li>\n<\/ol>\n","protected":false},"featured_media":2001,"comment_status":"open","ping_status":"closed","template":"","meta":{"content-type":"","_kad_post_transparent":"default","_kad_post_title":"","_kad_post_layout":"default","_kad_post_sidebar_id":"","_kad_post_content_style":"default","_kad_post_vertical_padding":"default","_kad_post_feature":"","_kad_post_feature_position":"","_kad_post_header":false,"_kad_post_footer":false},"product_cat":[53],"product_tag":[],"_links":{"self":[{"href":"https:\/\/www.ebk.pl\/sklep\/index.php?rest_route=\/wp\/v2\/product\/2000"}],"collection":[{"href":"https:\/\/www.ebk.pl\/sklep\/index.php?rest_route=\/wp\/v2\/product"}],"about":[{"href":"https:\/\/www.ebk.pl\/sklep\/index.php?rest_route=\/wp\/v2\/types\/product"}],"replies":[{"embeddable":true,"href":"https:\/\/www.ebk.pl\/sklep\/index.php?rest_route=%2Fwp%2Fv2%2Fcomments&post=2000"}],"version-history":[{"count":1,"href":"https:\/\/www.ebk.pl\/sklep\/index.php?rest_route=\/wp\/v2\/product\/2000\/revisions"}],"predecessor-version":[{"id":2004,"href":"https:\/\/www.ebk.pl\/sklep\/index.php?rest_route=\/wp\/v2\/product\/2000\/revisions\/2004"}],"wp:featuredmedia":[{"embeddable":true,"href":"https:\/\/www.ebk.pl\/sklep\/index.php?rest_route=\/wp\/v2\/media\/2001"}],"wp:attachment":[{"href":"https:\/\/www.ebk.pl\/sklep\/index.php?rest_route=%2Fwp%2Fv2%2Fmedia&parent=2000"}],"wp:term":[{"taxonomy":"product_cat","embeddable":true,"href":"https:\/\/www.ebk.pl\/sklep\/index.php?rest_route=%2Fwp%2Fv2%2Fproduct_cat&post=2000"},{"taxonomy":"product_tag","embeddable":true,"href":"https:\/\/www.ebk.pl\/sklep\/index.php?rest_route=%2Fwp%2Fv2%2Fproduct_tag&post=2000"}],"curies":[{"name":"wp","href":"https:\/\/api.w.org\/{rel}","templated":true}]}}