{"id":2026,"date":"2023-02-06T12:00:45","date_gmt":"2023-02-06T12:00:45","guid":{"rendered":"https:\/\/www.ebk.pl\/sklep\/?post_type=product&#038;p=2026"},"modified":"2023-02-06T12:00:46","modified_gmt":"2023-02-06T12:00:46","slug":"zestaw-pioro-parker-im-z-etui-pagani","status":"publish","type":"product","link":"https:\/\/www.ebk.pl\/sklep\/?product=zestaw-pioro-parker-im-z-etui-pagani","title":{"rendered":"Zestaw pi\u00f3ro Parker IM z etui Pagani"},"content":{"rendered":"<p>Model o fasonie pe\u0142nym inteligencji. Perfekcyjny projekt<br \/>\nurzeczywistniony jako IM styl w s\u0142u\u017cbie funkcjonalno\u015bci,<br \/>\nod klipsa na kszta\u0142t strza\u0142y, po stal\u00f3wk\u0119 ze stali nierdzewnej.<br \/>\nParker IM po mistrzowsku ujarzmia pi\u0119kno zaklinaj\u0105c je w<br \/>\npraktyczn\u0105 form\u0119.<br \/>\nZestaw Parker IM pi\u00f3ro z wysokogatunkowym etui Pagani w pude\u0142ku podarunkowym:<br \/>\n&#8211; eleganckie pude\u0142ko, na zestaw z pojedynczym artyku\u0142em<br \/>\n&#8211; pi\u015bmienniczym i etui, dost\u0119pny dla wszystkich kolor\u00f3w Parker IM.<br \/>\nWymiary pude\u0142ka: 24 x 15 x 3,9 cm<\/p>\n","protected":false},"excerpt":{"rendered":"<p>Wymiary pude\u0142ka: 24 x 15 x 3,9 cm<br \/>\nS0820750 (8)<\/p>\n","protected":false},"featured_media":2027,"comment_status":"open","ping_status":"closed","template":"","meta":{"content-type":"","_kad_post_transparent":"default","_kad_post_title":"","_kad_post_layout":"default","_kad_post_sidebar_id":"","_kad_post_content_style":"default","_kad_post_vertical_padding":"default","_kad_post_feature":"","_kad_post_feature_position":"","_kad_post_header":false,"_kad_post_footer":false},"product_cat":[15],"product_tag":[],"_links":{"self":[{"href":"https:\/\/www.ebk.pl\/sklep\/index.php?rest_route=\/wp\/v2\/product\/2026"}],"collection":[{"href":"https:\/\/www.ebk.pl\/sklep\/index.php?rest_route=\/wp\/v2\/product"}],"about":[{"href":"https:\/\/www.ebk.pl\/sklep\/index.php?rest_route=\/wp\/v2\/types\/product"}],"replies":[{"embeddable":true,"href":"https:\/\/www.ebk.pl\/sklep\/index.php?rest_route=%2Fwp%2Fv2%2Fcomments&post=2026"}],"version-history":[{"count":1,"href":"https:\/\/www.ebk.pl\/sklep\/index.php?rest_route=\/wp\/v2\/product\/2026\/revisions"}],"predecessor-version":[{"id":2028,"href":"https:\/\/www.ebk.pl\/sklep\/index.php?rest_route=\/wp\/v2\/product\/2026\/revisions\/2028"}],"wp:featuredmedia":[{"embeddable":true,"href":"https:\/\/www.ebk.pl\/sklep\/index.php?rest_route=\/wp\/v2\/media\/2027"}],"wp:attachment":[{"href":"https:\/\/www.ebk.pl\/sklep\/index.php?rest_route=%2Fwp%2Fv2%2Fmedia&parent=2026"}],"wp:term":[{"taxonomy":"product_cat","embeddable":true,"href":"https:\/\/www.ebk.pl\/sklep\/index.php?rest_route=%2Fwp%2Fv2%2Fproduct_cat&post=2026"},{"taxonomy":"product_tag","embeddable":true,"href":"https:\/\/www.ebk.pl\/sklep\/index.php?rest_route=%2Fwp%2Fv2%2Fproduct_tag&post=2026"}],"curies":[{"name":"wp","href":"https:\/\/api.w.org\/{rel}","templated":true}]}}