{"id":45,"date":"2020-10-22T16:54:44","date_gmt":"2020-10-22T13:54:44","guid":{"rendered":"https:\/\/startertemplatecloud.com\/g02\/product\/t-shirt-ne\/"},"modified":"2023-01-19T11:18:10","modified_gmt":"2023-01-19T11:18:10","slug":"t-shirt-ne","status":"publish","type":"product","link":"https:\/\/www.ebk.pl\/sklep\/?product=t-shirt-ne","title":{"rendered":"T-Shirt One"},"content":{"rendered":"<div class=\"productMainInfo hasBrand\">\n<h1 id=\"productTitle\">#E190 \/damski T-Shirt<\/h1>\n<ul>\n<li class=\"product_artnum\">Numer produktu: 020.42<\/li>\n<li class=\"manufacturer_mpn\">Kod dostawcy: TW04T<\/li>\n<\/ul>\n<\/div>\n<div class=\"artDescription\">\n<h2 class=\"headline\">Cechy:<\/h2>\n<div id=\"c_colbox_seodescription\" class=\"collapseBox\">\n<div id=\"colbox_seodescription\" class=\"collapse in\" aria-expanded=\"true\">\n<ul>\n<li>185 g\/m\u00b2<\/li>\n<li>100% bawe\u0142na, pre-shrunk oraz ring-spun<\/li>\n<li>Ash: 99% bawe\u0142na, 1% wiskoza<\/li>\n<li>Sport Grey: 85% bawe\u0142na, 15% wiskoza<\/li>\n<li>W\u0105ski \u015bci\u0105gacz przy dekolcie<\/li>\n<li>Ta\u015bma wzmacniaj\u0105ca na karku<\/li>\n<li>Boczne szwy<\/li>\n<li>Temperatura prania: do 40\u00b0C<\/li>\n<li>Nowoczesny kr\u00f3j<\/li>\n<\/ul>\n<\/div>\n<\/div>\n<\/div>\n","protected":false},"excerpt":{"rendered":"<p><img decoding=\"async\" loading=\"lazy\" class=\"alignnone wp-image-1787\" src=\"https:\/\/www.ebk.pl\/sklep\/wp-content\/uploads\/2020\/10\/kolory1-300x32.png\" alt=\"\" width=\"487\" height=\"52\" srcset=\"https:\/\/www.ebk.pl\/sklep\/wp-content\/uploads\/2020\/10\/kolory1-300x32.png 300w, https:\/\/www.ebk.pl\/sklep\/wp-content\/uploads\/2020\/10\/kolory1-768x83.png 768w, https:\/\/www.ebk.pl\/sklep\/wp-content\/uploads\/2020\/10\/kolory1-700x75.png 700w, https:\/\/www.ebk.pl\/sklep\/wp-content\/uploads\/2020\/10\/kolory1.png 837w\" sizes=\"(max-width: 487px) 100vw, 487px\" \/><\/p>\n","protected":false},"featured_media":1794,"comment_status":"open","ping_status":"closed","template":"","meta":{"content-type":"","_kad_post_transparent":"default","_kad_post_title":"","_kad_post_layout":"default","_kad_post_sidebar_id":"","_kad_post_content_style":"default","_kad_post_vertical_padding":"default","_kad_post_feature":"","_kad_post_feature_position":"","_kad_post_header":false,"_kad_post_footer":false},"product_cat":[17],"product_tag":[],"_links":{"self":[{"href":"https:\/\/www.ebk.pl\/sklep\/index.php?rest_route=\/wp\/v2\/product\/45"}],"collection":[{"href":"https:\/\/www.ebk.pl\/sklep\/index.php?rest_route=\/wp\/v2\/product"}],"about":[{"href":"https:\/\/www.ebk.pl\/sklep\/index.php?rest_route=\/wp\/v2\/types\/product"}],"replies":[{"embeddable":true,"href":"https:\/\/www.ebk.pl\/sklep\/index.php?rest_route=%2Fwp%2Fv2%2Fcomments&post=45"}],"version-history":[{"count":2,"href":"https:\/\/www.ebk.pl\/sklep\/index.php?rest_route=\/wp\/v2\/product\/45\/revisions"}],"predecessor-version":[{"id":1796,"href":"https:\/\/www.ebk.pl\/sklep\/index.php?rest_route=\/wp\/v2\/product\/45\/revisions\/1796"}],"wp:featuredmedia":[{"embeddable":true,"href":"https:\/\/www.ebk.pl\/sklep\/index.php?rest_route=\/wp\/v2\/media\/1794"}],"wp:attachment":[{"href":"https:\/\/www.ebk.pl\/sklep\/index.php?rest_route=%2Fwp%2Fv2%2Fmedia&parent=45"}],"wp:term":[{"taxonomy":"product_cat","embeddable":true,"href":"https:\/\/www.ebk.pl\/sklep\/index.php?rest_route=%2Fwp%2Fv2%2Fproduct_cat&post=45"},{"taxonomy":"product_tag","embeddable":true,"href":"https:\/\/www.ebk.pl\/sklep\/index.php?rest_route=%2Fwp%2Fv2%2Fproduct_tag&post=45"}],"curies":[{"name":"wp","href":"https:\/\/api.w.org\/{rel}","templated":true}]}}